{"id":171,"date":"2018-11-12T13:38:50","date_gmt":"2018-11-12T13:38:50","guid":{"rendered":"http:\/\/ww3.premo.com.sg\/about-us\/"},"modified":"2022-06-07T20:14:50","modified_gmt":"2022-06-07T12:14:50","slug":"about-us","status":"publish","type":"page","link":"https:\/\/www.premo.com.sg\/vi\/about-us\/","title":{"rendered":"V\u1ec1 ch\u00fang t\u00f4i"},"content":{"rendered":"<p><div class=\"fusion-fullwidth fullwidth-box fusion-builder-row-1 fusion-parallax-none hundred-percent-fullwidth non-hundred-percent-height-scrolling\" style=\"--awb-border-radius-top-left:0px;--awb-border-radius-top-right:0px;--awb-border-radius-bottom-right:0px;--awb-border-radius-bottom-left:0px;--awb-background-color:#000000;--awb-background-image:url(&quot;http:\/\/ww3.premo.com.sg\/wp-content\/uploads\/2018\/11\/shutterstock_520081672-1024x514.png&quot;);--awb-background-size:cover;--awb-flex-wrap:wrap;\" ><div class=\"fusion-builder-row fusion-row\"><div class=\"fusion-layout-column fusion_builder_column fusion-builder-column-0 fusion_builder_column_1_1 1_1 fusion-one-full fusion-column-first fusion-column-last\" style=\"--awb-padding-top:50px;--awb-padding-bottom:20px;--awb-bg-size:cover;\"><div class=\"fusion-column-wrapper fusion-flex-column-wrapper-legacy\"><div class=\"fusion-text fusion-text-1 white\"><h2 style=\"text-align: center;\">V\u1ec1 ch\u00fang t\u00f4i<\/h2>\n<\/div><div class=\"fusion-clearfix\"><\/div><\/div><\/div><\/div><\/div><div class=\"fusion-fullwidth fullwidth-box fusion-builder-row-2 nonhundred-percent-fullwidth non-hundred-percent-height-scrolling\" style=\"--awb-border-radius-top-left:0px;--awb-border-radius-top-right:0px;--awb-border-radius-bottom-right:0px;--awb-border-radius-bottom-left:0px;--awb-padding-top:60px;--awb-padding-bottom:20px;--awb-background-color:#f1f1f1;--awb-flex-wrap:wrap;\" ><div class=\"fusion-builder-row fusion-row\"><div class=\"fusion-layout-column fusion_builder_column fusion-builder-column-1 fusion_builder_column_1_1 1_1 fusion-one-full fusion-column-first fusion-column-last\" style=\"--awb-bg-size:cover;\"><div class=\"fusion-column-wrapper fusion-flex-column-wrapper-legacy\"><div class=\"fusion-text fusion-text-2\"><p style=\"text-align: center; line-height: 30px;\">C\u00f4ng ty \u0111\u01b0\u1ee3c th\u00e0nh l\u1eadp v\u00e0o n\u0103m 1994, tr\u1ee5 s\u1edf t\u1ea1i Singapore chuy\u00ean ph\u00e2n ph\u1ed1i c\u00e1c b\u1ed9 ph\u1eadn phun nhi\u00ean li\u1ec7u diesel, thi\u1ebft b\u1ecb ki\u1ec3m tra v\u00e0 ph\u1ee5 t\u00f9ng \u00f4 t\u00f4 nh\u01b0 bugi v\u00e0 b\u1ed9 ph\u1eadn \u00f4 t\u00f4 cho h\u01a1n 48 qu\u1ed1c gia tr\u00ean to\u00e0n th\u1ebf gi\u1edbi. Ch\u00fang t\u00f4i c\u00f3 m\u1ea1ng l\u01b0\u1edbi r\u1ed9ng l\u1edbn c\u00e1c k\u00eanh ph\u00e2n ph\u1ed1i, \u0111\u1ed1i t\u00e1c v\u00e0 kh\u00e1ch h\u00e0ng. C\u00e1c th\u01b0\u01a1ng hi\u1ec7u ch\u00fang t\u00f4i \u0111\u1ea1i di\u1ec7n v\u00e0 \u0111\u01b0\u1ee3c \u1ee7y quy\u1ec1n ph\u00e2n ph\u1ed1i khu v\u1ef1c l\u00e0 <strong>Denso, Firad, Bosch, Zexel, Stanadyne, Delphi, Hartridge, Nippon Diesel, Carbon Zapp.<\/strong> Ch\u00fang t\u00f4i mong mu\u1ed1n tr\u1edf th\u00e0nh \u0111\u1ed1i t\u00e1c kinh doanh \u0111\u00e1ng tin c\u1eady \u0111\u1ec3 \u0111\u00e1p \u1ee9ng nhu c\u1ea7u kinh doanh c\u1ee7a b\u1ea1n m\u1ecdi l\u00fac m\u1ecdi n\u01a1i.<\/p>\n<\/div><div class=\"fusion-clearfix\"><\/div><\/div><\/div><\/div><\/div><div class=\"fusion-fullwidth fullwidth-box fusion-builder-row-3 nonhundred-percent-fullwidth non-hundred-percent-height-scrolling fusion-equal-height-columns\" style=\"--awb-border-radius-top-left:0px;--awb-border-radius-top-right:0px;--awb-border-radius-bottom-right:0px;--awb-border-radius-bottom-left:0px;--awb-padding-top:70px;--awb-padding-bottom:60px;--awb-flex-wrap:wrap;\" ><div class=\"fusion-builder-row fusion-row\"><div class=\"fusion-layout-column fusion_builder_column fusion-builder-column-2 fusion_builder_column_1_1 1_1 fusion-one-full fusion-column-first fusion-column-last\" style=\"--awb-bg-size:cover;\"><div class=\"fusion-column-wrapper fusion-flex-column-wrapper-legacy\"><div class=\"fusion-text fusion-text-3\"><h2 style=\"text-align: center; margin-bottom: 10px;\">Gi\u00e1 tr\u1ecb c\u1ed1t l\u00f5i<\/h2>\n<\/div><div class=\"fusion-text fusion-text-4\"><p style=\"text-align: center;\">Tri\u1ebft l\u00fd kinh doanh c\u1ee7a ch\u00fang t\u00f4i \u0111\u01b0\u1ee3c \u0111\u1eb7t ra d\u1ef1a tr\u00ean nguy\u00ean l\u00fd trung th\u1ef1c, ch\u00ednh tr\u1ef1c, t\u00f4n tr\u1ecdng v\u00e0 tr\u00e1ch nhi\u1ec7m x\u00e3 h\u1ed9i. B\u1ed1n nguy\u00ean l\u00fd n\u00e0y th\u00fac \u0111\u1ea9y ho\u1ea1t \u0111\u1ed9ng kinh doanh v\u00e0 c\u0169ng l\u00e0 ph\u01b0\u01a1ng ti\u1ec7n t\u1ea1o ra c\u00e1c c\u01a1 h\u1ed9i c\u00f3 l\u1ee3i cho kh\u00f4ng ch\u1ec9 cho kh\u00e1ch h\u00e0ng m\u00e0 c\u00f2n cho c\u1ed9ng \u0111\u1ed3ng v\u00e0 nh\u00e2n vi\u00ean c\u1ee7a ch\u00fang t\u00f4i.<\/p>\n<\/div><div class=\"fusion-sep-clear\"><\/div><div class=\"fusion-separator fusion-full-width-sep\" style=\"margin-left: auto;margin-right: auto;margin-bottom:30px;width:100%;\"><\/div><div class=\"fusion-sep-clear\"><\/div><div class=\"fusion-clearfix\"><\/div><\/div><\/div><div class=\"fusion-layout-column fusion_builder_column fusion-builder-column-3 fusion_builder_column_1_4 1_4 fusion-one-fourth fusion-column-first relative\" style=\"--awb-padding-top:50px;--awb-bg-size:cover;width:25%;width:calc(25% - ( ( 4% + 4% + 4% ) * 0.25 ) );margin-right: 4%;\"><div class=\"fusion-column-wrapper fusion-flex-column-wrapper-legacy\"><div class=\"fusion-image-element fusion-image-align-center in-legacy-container\" style=\"text-align:center;--awb-caption-title-font-family:var(--h2_typography-font-family);--awb-caption-title-font-weight:var(--h2_typography-font-weight);--awb-caption-title-font-style:var(--h2_typography-font-style);--awb-caption-title-size:var(--h2_typography-font-size);--awb-caption-title-transform:var(--h2_typography-text-transform);--awb-caption-title-line-height:var(--h2_typography-line-height);--awb-caption-title-letter-spacing:var(--h2_typography-letter-spacing);\"><div class=\"imageframe-align-center\"><span class=\" fusion-imageframe imageframe-none imageframe-1 hover-type-none fusion-animated\" data-animationType=\"slideInLeft\" data-animationDuration=\"0.3\" data-animationOffset=\"top-into-view\"><img decoding=\"async\" width=\"182\" height=\"81\" title=\"Vector Smart Object\" src=\"http:\/\/ww3.premo.com.sg\/wp-content\/uploads\/2018\/11\/Vector-Smart-Object.png\" alt class=\"img-responsive wp-image-144\"\/><\/span><\/div><\/div><div class=\"fusion-text fusion-text-5 bvalue\"><h3 style=\"text-align: center;\">HONESTY<\/h3>\n<\/div><div class=\"fusion-clearfix\"><\/div><\/div><\/div><div class=\"fusion-layout-column fusion_builder_column fusion-builder-column-4 fusion_builder_column_1_4 1_4 fusion-one-fourth relative\" style=\"--awb-bg-size:cover;width:25%;width:calc(25% - ( ( 4% + 4% + 4% ) * 0.25 ) );margin-right: 4%;\"><div class=\"fusion-column-wrapper fusion-flex-column-wrapper-legacy\"><div class=\"fusion-image-element fusion-image-align-center in-legacy-container\" style=\"text-align:center;--awb-caption-title-font-family:var(--h2_typography-font-family);--awb-caption-title-font-weight:var(--h2_typography-font-weight);--awb-caption-title-font-style:var(--h2_typography-font-style);--awb-caption-title-size:var(--h2_typography-font-size);--awb-caption-title-transform:var(--h2_typography-text-transform);--awb-caption-title-line-height:var(--h2_typography-line-height);--awb-caption-title-letter-spacing:var(--h2_typography-letter-spacing);\"><div class=\"imageframe-align-center\"><span class=\" fusion-imageframe imageframe-none imageframe-2 hover-type-none fusion-animated\" data-animationType=\"slideInLeft\" data-animationDuration=\"0.3\" data-animationOffset=\"top-into-view\"><img decoding=\"async\" width=\"70\" height=\"165\" title=\"Vector Smart Object1\" src=\"http:\/\/ww3.premo.com.sg\/wp-content\/uploads\/2018\/11\/Vector-Smart-Object1.png\" alt class=\"img-responsive wp-image-147\"\/><\/span><\/div><\/div><div class=\"fusion-text fusion-text-6 bvalue\"><h3 style=\"text-align: center;\">INTEGRITY<\/h3>\n<\/div><div class=\"fusion-clearfix\"><\/div><\/div><\/div><div class=\"fusion-layout-column fusion_builder_column fusion-builder-column-5 fusion_builder_column_1_4 1_4 fusion-one-fourth relative\" style=\"--awb-bg-size:cover;width:25%;width:calc(25% - ( ( 4% + 4% + 4% ) * 0.25 ) );margin-right: 4%;\"><div class=\"fusion-column-wrapper fusion-flex-column-wrapper-legacy\"><div class=\"fusion-image-element fusion-image-align-center in-legacy-container\" style=\"text-align:center;--awb-caption-title-font-family:var(--h2_typography-font-family);--awb-caption-title-font-weight:var(--h2_typography-font-weight);--awb-caption-title-font-style:var(--h2_typography-font-style);--awb-caption-title-size:var(--h2_typography-font-size);--awb-caption-title-transform:var(--h2_typography-text-transform);--awb-caption-title-line-height:var(--h2_typography-line-height);--awb-caption-title-letter-spacing:var(--h2_typography-letter-spacing);\"><div class=\"imageframe-align-center\"><span class=\" fusion-imageframe imageframe-none imageframe-3 hover-type-none fusion-animated\" data-animationType=\"slideInLeft\" data-animationDuration=\"0.3\" data-animationOffset=\"top-into-view\"><img decoding=\"async\" width=\"89\" height=\"165\" title=\"Vector Smart Object22\" src=\"http:\/\/ww3.premo.com.sg\/wp-content\/uploads\/2018\/11\/Vector-Smart-Object22.png\" alt class=\"img-responsive wp-image-150\"\/><\/span><\/div><\/div><div class=\"fusion-text fusion-text-7 bvalue\"><h3 style=\"text-align: center;\">RESPECT<\/h3>\n<\/div><div class=\"fusion-clearfix\"><\/div><\/div><\/div><div class=\"fusion-layout-column fusion_builder_column fusion-builder-column-6 fusion_builder_column_1_4 1_4 fusion-one-fourth fusion-column-last relative\" style=\"--awb-padding-top:20px;--awb-bg-size:cover;width:25%;width:calc(25% - ( ( 4% + 4% + 4% ) * 0.25 ) );\"><div class=\"fusion-column-wrapper fusion-flex-column-wrapper-legacy\"><div class=\"fusion-image-element fusion-image-align-center in-legacy-container\" style=\"text-align:center;--awb-caption-title-font-family:var(--h2_typography-font-family);--awb-caption-title-font-weight:var(--h2_typography-font-weight);--awb-caption-title-font-style:var(--h2_typography-font-style);--awb-caption-title-size:var(--h2_typography-font-size);--awb-caption-title-transform:var(--h2_typography-text-transform);--awb-caption-title-line-height:var(--h2_typography-line-height);--awb-caption-title-letter-spacing:var(--h2_typography-letter-spacing);\"><div class=\"imageframe-align-center\"><span class=\" fusion-imageframe imageframe-none imageframe-4 hover-type-none fusion-animated\" data-animationType=\"slideInLeft\" data-animationDuration=\"0.3\" data-animationOffset=\"top-into-view\"><img decoding=\"async\" width=\"183\" height=\"130\" title=\"Vector Smart Object3\" src=\"http:\/\/ww3.premo.com.sg\/wp-content\/uploads\/2018\/11\/Vector-Smart-Object3-1.png\" alt class=\"img-responsive wp-image-153\"\/><\/span><\/div><\/div><div class=\"fusion-text fusion-text-8 bvalue\"><h3 style=\"text-align: center;\">SOCIAL RESPONSIBILITY<\/h3>\n<\/div><div class=\"fusion-clearfix\"><\/div><\/div><\/div><\/div><\/div><div class=\"fusion-fullwidth fullwidth-box fusion-builder-row-4 nonhundred-percent-fullwidth non-hundred-percent-height-scrolling\" style=\"--awb-border-radius-top-left:0px;--awb-border-radius-top-right:0px;--awb-border-radius-bottom-right:0px;--awb-border-radius-bottom-left:0px;--awb-padding-top:50px;--awb-background-color:#de0200;--awb-flex-wrap:wrap;\" id=\"contact\" ><div class=\"fusion-builder-row fusion-row\"><div class=\"fusion-layout-column fusion_builder_column fusion-builder-column-7 fusion_builder_column_3_5 3_5 fusion-three-fifth fusion-column-first\" style=\"--awb-padding-top:50px;--awb-bg-size:cover;width:60%;width:calc(60% - ( ( 4% ) * 0.6 ) );margin-right: 4%;\" id=\"contactForm\"><div class=\"fusion-column-wrapper fusion-flex-column-wrapper-legacy\"><div class=\"fusion-text fusion-text-9 white\"><h2 style=\"text-align: left;\">Tr\u1ee3 gi\u00fap<\/h2>\n<\/div><div class=\"fusion-text fusion-text-10 white\"><p style=\"text-align: left;\">Ch\u00fang t\u00f4i cung c\u1ea5p c\u00e1c gi\u1ea3i ph\u00e1p thi\u1ebft y\u1ebfu cho n\u1ec1n c\u00f4ng nghi\u1ec7p \u00f4 t\u00f4.<\/p>\n<\/div>\n<div class=\"wpcf7 no-js\" id=\"wpcf7-f1565-o1\" lang=\"en-US\" dir=\"ltr\" data-wpcf7-id=\"1565\">\n<div class=\"screen-reader-response\"><p role=\"status\" aria-live=\"polite\" aria-atomic=\"true\"><\/p> <ul><\/ul><\/div>\n<form action=\"\/vi\/wp-json\/wp\/v2\/pages\/171#wpcf7-f1565-o1\" method=\"post\" class=\"wpcf7-form init\" aria-label=\"Contact form\" novalidate=\"novalidate\" data-status=\"init\">\n<fieldset class=\"hidden-fields-container\"><input type=\"hidden\" name=\"_wpcf7\" value=\"1565\" \/><input type=\"hidden\" name=\"_wpcf7_version\" value=\"6.1.5\" \/><input type=\"hidden\" name=\"_wpcf7_locale\" value=\"en_US\" \/><input type=\"hidden\" name=\"_wpcf7_unit_tag\" value=\"wpcf7-f1565-o1\" \/><input type=\"hidden\" name=\"_wpcf7_container_post\" value=\"0\" \/><input type=\"hidden\" name=\"_wpcf7_posted_data_hash\" value=\"\" \/>\n<\/fieldset>\n<p><span class=\"wpcf7-form-control-wrap\" data-name=\"text-846\"><input size=\"40\" maxlength=\"400\" class=\"wpcf7-form-control wpcf7-text field\" aria-invalid=\"false\" placeholder=\"T\u00ean\" value=\"\" type=\"text\" name=\"text-846\" \/><\/span><br \/>\n<span class=\"wpcf7-form-control-wrap\" data-name=\"text-847\"><input size=\"40\" maxlength=\"400\" class=\"wpcf7-form-control wpcf7-text field\" aria-invalid=\"false\" placeholder=\"\u0110i\u1ec7n tho\u1ea1i li\u00ean h\u1ec7\" value=\"\" type=\"text\" name=\"text-847\" \/><\/span><br \/>\n<span class=\"wpcf7-form-control-wrap\" data-name=\"email-157\"><input size=\"40\" maxlength=\"400\" class=\"wpcf7-form-control wpcf7-email wpcf7-text wpcf7-validates-as-email field\" aria-invalid=\"false\" placeholder=\"E-mail\" value=\"\" type=\"email\" name=\"email-157\" \/><\/span><br \/>\n<span class=\"wpcf7-form-control-wrap\" data-name=\"textarea-524\"><textarea cols=\"40\" rows=\"10\" maxlength=\"2000\" class=\"wpcf7-form-control wpcf7-textarea field\" aria-invalid=\"false\" placeholder=\"L\u1eddi nh\u1eafn\" name=\"textarea-524\"><\/textarea><\/span><br \/>\n<input class=\"wpcf7-form-control wpcf7-submit has-spinner submit\" type=\"submit\" value=\"G\u1eedi\" \/>\n<\/p><input\n                    class=\"apbct_special_field apbct_email_id__wp_contact_form_7\"\n                    name=\"apbct__email_id__wp_contact_form_7\"\n                    aria-label=\"apbct__label_id__wp_contact_form_7\"\n                    type=\"text\" size=\"30\" maxlength=\"200\" autocomplete=\"off\"\n                    value=\"\"\n                \/><p style=\"display: none !important;\" class=\"akismet-fields-container\" data-prefix=\"_wpcf7_ak_\"><label>&#916;<textarea name=\"_wpcf7_ak_hp_textarea\" cols=\"45\" rows=\"8\" maxlength=\"100\"><\/textarea><\/label><input type=\"hidden\" id=\"ak_js_1\" name=\"_wpcf7_ak_js\" value=\"143\"\/><script>document.getElementById( \"ak_js_1\" ).setAttribute( \"value\", ( new Date() ).getTime() );<\/script><\/p><div class=\"fusion-alert alert custom alert-custom fusion-alert-center wpcf7-response-output fusion-alert-capitalize awb-alert-native-link-color alert-dismissable awb-alert-close-boxed\" style=\"--awb-border-size:1px;--awb-border-top-left-radius:0px;--awb-border-top-right-radius:0px;--awb-border-bottom-left-radius:0px;--awb-border-bottom-right-radius:0px;\" role=\"alert\"><div class=\"fusion-alert-content-wrapper\"><span class=\"fusion-alert-content\"><\/span><\/div><button type=\"button\" class=\"close toggle-alert\" data-dismiss=\"alert\" aria-label=\"Close\">&times;<\/button><\/div>\n<\/form>\n<\/div>\n<div class=\"fusion-clearfix\"><\/div><\/div><\/div><div class=\"fusion-layout-column fusion_builder_column fusion-builder-column-8 fusion_builder_column_2_5 2_5 fusion-two-fifth fusion-column-last\" style=\"--awb-padding-top:50px;--awb-bg-size:cover;width:40%;width:calc(40% - ( ( 4% ) * 0.4 ) );\"><div class=\"fusion-column-wrapper fusion-flex-column-wrapper-legacy\"><div class=\"fusion-text fusion-text-11 white\"><h2 style=\"text-align: left;\">Li\u00ean h\u1ec7<\/h2>\n<\/div><div class=\"fusion-text fusion-text-12 white\"><p style=\"text-align: left;\"><strong>Premo International Pte Ltd<\/strong><br \/>\n39B Jalan Pemimpin #04-00<br \/>\nPrime Industrial Building<br \/>\nSingapore 577184<\/p>\n<p style=\"text-align: left;\">Tel:\u00a0(+65) 6354 5255<\/p>\n<p style=\"text-align: left;\">Fax: (+65) 6354 5755<\/p>\n<\/div><div class=\"fusion-clearfix\"><\/div><\/div><\/div><\/div><\/div>\n<\/p>\n","protected":false},"excerpt":{"rendered":"","protected":false},"author":1,"featured_media":0,"parent":0,"menu_order":0,"comment_status":"closed","ping_status":"closed","template":"100-width.php","meta":{"om_disable_all_campaigns":false,"_monsterinsights_skip_tracking":false,"_monsterinsights_sitenote_active":false,"_monsterinsights_sitenote_note":"","_monsterinsights_sitenote_category":0,"footnotes":""},"class_list":["post-171","page","type-page","status-publish","hentry"],"aioseo_notices":[],"_links":{"self":[{"href":"https:\/\/www.premo.com.sg\/vi\/wp-json\/wp\/v2\/pages\/171","targetHints":{"allow":["GET"]}}],"collection":[{"href":"https:\/\/www.premo.com.sg\/vi\/wp-json\/wp\/v2\/pages"}],"about":[{"href":"https:\/\/www.premo.com.sg\/vi\/wp-json\/wp\/v2\/types\/page"}],"author":[{"embeddable":true,"href":"https:\/\/www.premo.com.sg\/vi\/wp-json\/wp\/v2\/users\/1"}],"replies":[{"embeddable":true,"href":"https:\/\/www.premo.com.sg\/vi\/wp-json\/wp\/v2\/comments?post=171"}],"version-history":[{"count":7,"href":"https:\/\/www.premo.com.sg\/vi\/wp-json\/wp\/v2\/pages\/171\/revisions"}],"predecessor-version":[{"id":2748,"href":"https:\/\/www.premo.com.sg\/vi\/wp-json\/wp\/v2\/pages\/171\/revisions\/2748"}],"wp:attachment":[{"href":"https:\/\/www.premo.com.sg\/vi\/wp-json\/wp\/v2\/media?parent=171"}],"curies":[{"name":"wp","href":"https:\/\/api.w.org\/{rel}","templated":true}]}}